{"id":740,"date":"2018-10-16T10:34:14","date_gmt":"2018-10-16T10:34:14","guid":{"rendered":"http:\/\/reteco.es\/contenedores-maritimos\/"},"modified":"2019-10-14T21:42:47","modified_gmt":"2019-10-14T19:42:47","slug":"contenedores-maritimos","status":"publish","type":"page","link":"https:\/\/reteco.es\/en\/","title":{"rendered":"Contenedores Mar\u00edtimos &#8211; Reteco"},"content":{"rendered":"<p><div class=\"fusion-fullwidth fullwidth-box fusion-builder-row-1 nonhundred-percent-fullwidth non-hundred-percent-height-scrolling\" style=\"--awb-border-radius-top-left:0px;--awb-border-radius-top-right:0px;--awb-border-radius-bottom-right:0px;--awb-border-radius-bottom-left:0px;--awb-flex-wrap:wrap;\" ><div class=\"fusion-builder-row fusion-row\"><div class=\"fusion-layout-column fusion_builder_column fusion-builder-column-0 fusion_builder_column_1_1 1_1 fusion-one-full fusion-column-first fusion-column-last\" style=\"--awb-bg-size:cover;--awb-margin-bottom:0px;\"><div class=\"fusion-column-wrapper fusion-flex-column-wrapper-legacy\"><div class=\"fusion-reading-box-container reading-box-container-1\" style=\"--awb-title-color:#000000;--awb-margin-top:0px;--awb-margin-bottom:30px;\"><div class=\"reading-box reading-box-center\" style=\"background-color:#f6f6f6;border-width:1px;border-color:#f6f6f6;border-top-width:3px;border-top-color:var(--primary_color);border-style:solid;\"><div class=\"reading-box-additional\">\n<h1><span style=\"color: #00a1ff;\"><strong>Welcome to Reteco &#8211; Sea Containers<\/strong><\/span><\/h1>\n<p><span style=\"color: #000000;\"><b>RETECO<\/b><\/span> is a company dedicated to <strong>marketing, repair, processing, storage and maintenance of sea containers<\/strong>.<\/p>\n<h4>We have a long <strong>experience of over 40 years<\/strong> in the industry, providing <strong>repair and maintenance services to major container shipping companies and trucking companies<\/strong>.<\/h4>\n<h4>In our facilities located in the city of <strong>Getafe<\/strong>, <strong>Madrid<\/strong> province, we have <strong>20,000 m2 for storage of sea containers<\/strong>, equipped with mechanical and computer resources needed for management. We also offer a <strong>repair facility and processing<\/strong>, in which we can adapt any sea container to the most demanding needs of our customers.<\/h4>\n<\/div><div class=\"fusion-clearfix\"><\/div><\/div><svg style=\"opacity:0.70;\" xmlns=\"http:\/\/www.w3.org\/2000\/svg\" version=\"1.1\" width=\"100%\" viewBox=\"0 0 600 28\" preserveAspectRatio=\"none\"><g clip-path=\"url(#a)\"><mask id=\"b\" style=\"mask-type:luminance\" maskUnits=\"userSpaceOnUse\" x=\"0\" y=\"0\" width=\"600\" height=\"28\"><path d=\"M0 0h600v28H0V0Z\" fill=\"#fff\"\/><\/mask><g filter=\"url(#c)\" mask=\"url(#b)\"><path d=\"M16.439-18.667h567.123v30.8S438.961-8.4 300-8.4C161.04-8.4 16.438 12.133 16.438 12.133v-30.8Z\" fill=\"#000\"\/><\/g><\/g><defs><clipPath id=\"a\"><path fill=\"#fff\" d=\"M0 0h600v28H0z\"\/><\/clipPath><filter id=\"c\" x=\"5.438\" y=\"-29.667\" width=\"589.123\" height=\"52.8\" filterUnits=\"userSpaceOnUse\" color-interpolation-filters=\"sRGB\"><feFlood flood-opacity=\"0\" result=\"BackgroundImageFix\"\/><feBlend in=\"SourceGraphic\" in2=\"BackgroundImageFix\" result=\"shape\"\/><feGaussianBlur stdDeviation=\"5.5\" result=\"effect1_foregroundBlur_3983_183\"\/><\/filter><\/defs><\/svg><\/div><div class=\"fusion-clearfix\"><\/div><\/div><\/div><\/div><\/div><div class=\"fusion-fullwidth fullwidth-box fusion-builder-row-2 nonhundred-percent-fullwidth non-hundred-percent-height-scrolling\" style=\"--awb-border-radius-top-left:0px;--awb-border-radius-top-right:0px;--awb-border-radius-bottom-right:0px;--awb-border-radius-bottom-left:0px;--awb-margin-top:20px;--awb-margin-bottom:0px;--awb-flex-wrap:wrap;\" ><div class=\"fusion-builder-row fusion-row\"><div class=\"fusion-layout-column fusion_builder_column fusion-builder-column-1 fusion_builder_column_1_1 1_1 fusion-one-full fusion-column-first fusion-column-last\" style=\"--awb-bg-size:cover;--awb-margin-bottom:0px;\"><div class=\"fusion-column-wrapper fusion-flex-column-wrapper-legacy\"><div class=\"fusion-content-boxes content-boxes columns row fusion-columns-4 fusion-columns-total-4 fusion-content-boxes-1 content-boxes-icon-boxed content-left\" style=\"--awb-backgroundcolor:rgba(187,200,208,0.74);--awb-title-color:#891c77;--awb-margin-bottom:0px;--awb-hover-accent-color:#891c77;--awb-circle-hover-accent-color:#891c77;\" data-animationOffset=\"top-into-view\"><div style=\"--awb-backgroundcolor:rgba(187,200,208,0.74);\" class=\"fusion-column content-box-column content-box-column content-box-column-1 col-lg-3 col-md-3 col-sm-3 fusion-content-box-hover content-box-column-first-in-row\"><div class=\"col content-box-wrapper content-wrapper-background content-wrapper-boxed link-area-link-icon icon-hover-animation-fade\" data-animationOffset=\"top-into-view\"><div class=\"heading heading-with-icon icon-left\"><div style=\"margin-left:-57.5px;top:-107.5px;\" aria-hidden=\"true\" class=\"image\"><img decoding=\"async\" src=\"https:\/\/reteco.es\/wp-content\/uploads\/2018\/10\/Venta-de-Contenedores.png\" width=\"115\" height=\"115\" alt=\"\" \/><\/div><\/div><div class=\"fusion-clearfix\"><\/div><div class=\"content-container\">\n<h2><strong>Sale of all types of Sea Containers<\/strong><\/h2>\n<p>Maritime and warehouse. Both new and used.<\/p>\n<div class=\"fusion-button-wrapper\"><a class=\"fusion-button button-flat fusion-button-default-size button-default fusion-button-default button-1 fusion-button-default-span fusion-button-default-type\" target=\"_self\" href=\"https:\/\/reteco.es\/en\/sale-sea-containers\/\"><span class=\"fusion-button-text awb-button__text awb-button__text--default\">+ Info<\/span><\/a><\/div><\/div><\/div><\/div><div style=\"--awb-backgroundcolor:rgba(187,200,208,0.74);\" class=\"fusion-column content-box-column content-box-column content-box-column-2 col-lg-3 col-md-3 col-sm-3 fusion-content-box-hover \"><div class=\"col content-box-wrapper content-wrapper-background content-wrapper-boxed link-area-link-icon icon-hover-animation-fade\" data-animationOffset=\"top-into-view\"><div class=\"heading heading-with-icon icon-left\"><div style=\"margin-left:-57.5px;top:-107.5px;\" aria-hidden=\"true\" class=\"image\"><img decoding=\"async\" src=\"https:\/\/reteco.es\/wp-content\/uploads\/2018\/10\/Transformaci\u00f3n-de-Contenedores.png\" width=\"115\" height=\"115\" alt=\"\" \/><\/div><\/div><div class=\"fusion-clearfix\"><\/div><div class=\"content-container\">\n<h2><strong>Container Transformation<\/strong><\/h2>\n<p>For events, exhibitions, fairs\u2026<\/p>\n<div class=\"fusion-button-wrapper\"><a class=\"fusion-button button-flat fusion-button-default-size button-default fusion-button-default button-2 fusion-button-default-span fusion-button-default-type\" target=\"_self\" href=\"https:\/\/reteco.es\/en\/containers-transformation-events\/\"><span class=\"fusion-button-text awb-button__text awb-button__text--default\">+ Info<\/span><\/a><\/div><\/div><\/div><\/div><div style=\"--awb-backgroundcolor:rgba(187,200,208,0.74);\" class=\"fusion-column content-box-column content-box-column content-box-column-3 col-lg-3 col-md-3 col-sm-3 fusion-content-box-hover \"><div class=\"col content-box-wrapper content-wrapper-background content-wrapper-boxed link-area-link-icon icon-hover-animation-fade\" data-animationOffset=\"top-into-view\"><div class=\"heading heading-with-icon icon-left\"><div style=\"margin-left:-57.5px;top:-107.5px;\" aria-hidden=\"true\" class=\"image\"><img decoding=\"async\" src=\"https:\/\/reteco.es\/wp-content\/uploads\/2018\/10\/Dep\u00f3sito-de-Contenedores.png\" width=\"115\" height=\"115\" alt=\"\" \/><\/div><\/div><div class=\"fusion-clearfix\"><\/div><div class=\"content-container\">\n<h2><strong>Deposit of Sea Containers<\/strong><\/h2>\n<p>Maintenance and Reparation.<\/p>\n<div class=\"fusion-button-wrapper\"><a class=\"fusion-button button-flat fusion-button-default-size button-default fusion-button-default button-3 fusion-button-default-span fusion-button-default-type\" target=\"_self\" href=\"https:\/\/reteco.es\/en\/maintenance-reparation\/#containers-depot\"><span class=\"fusion-button-text awb-button__text awb-button__text--default\">+ Info<\/span><\/a><\/div><\/div><\/div><\/div><div style=\"--awb-backgroundcolor:rgba(187,200,208,0.74);\" class=\"fusion-column content-box-column content-box-column content-box-column-4 col-lg-3 col-md-3 col-sm-3 fusion-content-box-hover content-box-column-last content-box-column-last-in-row\"><div class=\"col content-box-wrapper content-wrapper-background content-wrapper-boxed link-area-link-icon icon-hover-animation-fade\" data-animationOffset=\"top-into-view\"><div class=\"heading heading-with-icon icon-left\"><div style=\"margin-left:-57.5px;top:-107.5px;\" aria-hidden=\"true\" class=\"image\"><img decoding=\"async\" src=\"https:\/\/reteco.es\/wp-content\/uploads\/2018\/10\/Contenedores-Habitables.png\" width=\"115\" height=\"115\" alt=\"\" \/><\/div><\/div><div class=\"fusion-clearfix\"><\/div><div class=\"content-container\">\n<h2><strong>Large variety of Habitable Containers<br \/>\n<\/strong><\/h2>\n<p>All kinds of examples. From 29m2.<\/p>\n<div class=\"fusion-button-wrapper\"><a class=\"fusion-button button-flat fusion-button-default-size button-default fusion-button-default button-4 fusion-button-default-span fusion-button-default-type\" target=\"_self\" href=\"https:\/\/reteco.es\/en\/habitable-containers\/\"><span class=\"fusion-button-text awb-button__text awb-button__text--default\">+ Info<\/span><\/a><\/div><\/div><\/div><\/div><div class=\"fusion-clearfix\"><\/div><\/div><div class=\"fusion-clearfix\"><\/div><\/div><\/div><\/div><\/div><\/p>\n","protected":false},"excerpt":{"rendered":"","protected":false},"author":1,"featured_media":0,"parent":0,"menu_order":0,"comment_status":"closed","ping_status":"open","template":"","meta":{"footnotes":""},"class_list":["post-740","page","type-page","status-publish","hentry"],"yoast_head":"<!-- This site is optimized with the Yoast SEO plugin v26.9 - https:\/\/yoast.com\/product\/yoast-seo-wordpress\/ -->\n<title>Contenedores Mar\u00edtimos, Venta, Alquiler y reparaci\u00f3n, RETECO<\/title>\n<meta name=\"description\" content=\"Contenedores Mar\u00edtimos, Venta, Alquiler y reparaci\u00f3n, comercializaci\u00f3n, arreglo, transformaci\u00f3n, almacenaje y mantenimiento de contenedores mar\u00edtimos.\" \/>\n<meta name=\"robots\" content=\"index, follow, max-snippet:-1, max-image-preview:large, max-video-preview:-1\" \/>\n<link rel=\"canonical\" href=\"https:\/\/reteco.es\/en\/\" \/>\n<meta property=\"og:locale\" content=\"en_US\" \/>\n<meta property=\"og:type\" content=\"article\" \/>\n<meta property=\"og:title\" content=\"Contenedores Mar\u00edtimos, Venta, Alquiler y reparaci\u00f3n, RETECO\" \/>\n<meta property=\"og:description\" content=\"Contenedores Mar\u00edtimos, Venta, Alquiler y reparaci\u00f3n, comercializaci\u00f3n, arreglo, transformaci\u00f3n, almacenaje y mantenimiento de contenedores mar\u00edtimos.\" \/>\n<meta property=\"og:url\" content=\"https:\/\/reteco.es\/en\/\" \/>\n<meta property=\"og:site_name\" content=\"Reteco\" \/>\n<meta property=\"article:modified_time\" content=\"2019-10-14T19:42:47+00:00\" \/>\n<meta name=\"twitter:card\" content=\"summary_large_image\" \/>\n<meta name=\"twitter:label1\" content=\"Est. reading time\" \/>\n\t<meta name=\"twitter:data1\" content=\"5 minutes\" \/>\n<script type=\"application\/ld+json\" class=\"yoast-schema-graph\">{\"@context\":\"https:\/\/schema.org\",\"@graph\":[{\"@type\":\"WebPage\",\"@id\":\"https:\/\/reteco.es\/en\/\",\"url\":\"https:\/\/reteco.es\/en\/\",\"name\":\"Contenedores Mar\u00edtimos, Venta, Alquiler y reparaci\u00f3n, RETECO\",\"isPartOf\":{\"@id\":\"https:\/\/reteco.es\/#website\"},\"datePublished\":\"2018-10-16T10:34:14+00:00\",\"dateModified\":\"2019-10-14T19:42:47+00:00\",\"description\":\"Contenedores Mar\u00edtimos, Venta, Alquiler y reparaci\u00f3n, comercializaci\u00f3n, arreglo, transformaci\u00f3n, almacenaje y mantenimiento de contenedores mar\u00edtimos.\",\"breadcrumb\":{\"@id\":\"https:\/\/reteco.es\/en\/#breadcrumb\"},\"inLanguage\":\"en-US\",\"potentialAction\":[{\"@type\":\"ReadAction\",\"target\":[\"https:\/\/reteco.es\/en\/\"]}]},{\"@type\":\"BreadcrumbList\",\"@id\":\"https:\/\/reteco.es\/en\/#breadcrumb\",\"itemListElement\":[{\"@type\":\"ListItem\",\"position\":1,\"name\":\"Portada\",\"item\":\"https:\/\/reteco.es\/en\/\"},{\"@type\":\"ListItem\",\"position\":2,\"name\":\"Contenedores Mar\u00edtimos &#8211; Reteco\"}]},{\"@type\":\"WebSite\",\"@id\":\"https:\/\/reteco.es\/#website\",\"url\":\"https:\/\/reteco.es\/\",\"name\":\"Reteco\",\"description\":\"Venta de Contenedores Mar\u00edtimos\",\"publisher\":{\"@id\":\"https:\/\/reteco.es\/#organization\"},\"potentialAction\":[{\"@type\":\"SearchAction\",\"target\":{\"@type\":\"EntryPoint\",\"urlTemplate\":\"https:\/\/reteco.es\/?s={search_term_string}\"},\"query-input\":{\"@type\":\"PropertyValueSpecification\",\"valueRequired\":true,\"valueName\":\"search_term_string\"}}],\"inLanguage\":\"en-US\"},{\"@type\":\"Organization\",\"@id\":\"https:\/\/reteco.es\/#organization\",\"name\":\"REPARACIONES T\u00c9CNICAS DE CONTENEDORES S.L.\",\"url\":\"https:\/\/reteco.es\/\",\"logo\":{\"@type\":\"ImageObject\",\"inLanguage\":\"en-US\",\"@id\":\"https:\/\/reteco.es\/#\/schema\/logo\/image\/\",\"url\":\"https:\/\/reteco.es\/wp-content\/uploads\/2018\/10\/logo2.png\",\"contentUrl\":\"https:\/\/reteco.es\/wp-content\/uploads\/2018\/10\/logo2.png\",\"width\":288,\"height\":193,\"caption\":\"REPARACIONES T\u00c9CNICAS DE CONTENEDORES S.L.\"},\"image\":{\"@id\":\"https:\/\/reteco.es\/#\/schema\/logo\/image\/\"},\"sameAs\":[\"https:\/\/www.instagram.com\/reteco\/\",\"https:\/\/www.youtube.com\/channel\/UC0ixvX8B2_W1ZoWOy9Ss9VQ\"]}]}<\/script>\n<!-- \/ Yoast SEO plugin. -->","yoast_head_json":{"title":"Contenedores Mar\u00edtimos, Venta, Alquiler y reparaci\u00f3n, RETECO","description":"Contenedores Mar\u00edtimos, Venta, Alquiler y reparaci\u00f3n, comercializaci\u00f3n, arreglo, transformaci\u00f3n, almacenaje y mantenimiento de contenedores mar\u00edtimos.","robots":{"index":"index","follow":"follow","max-snippet":"max-snippet:-1","max-image-preview":"max-image-preview:large","max-video-preview":"max-video-preview:-1"},"canonical":"https:\/\/reteco.es\/en\/","og_locale":"en_US","og_type":"article","og_title":"Contenedores Mar\u00edtimos, Venta, Alquiler y reparaci\u00f3n, RETECO","og_description":"Contenedores Mar\u00edtimos, Venta, Alquiler y reparaci\u00f3n, comercializaci\u00f3n, arreglo, transformaci\u00f3n, almacenaje y mantenimiento de contenedores mar\u00edtimos.","og_url":"https:\/\/reteco.es\/en\/","og_site_name":"Reteco","article_modified_time":"2019-10-14T19:42:47+00:00","twitter_card":"summary_large_image","twitter_misc":{"Est. reading time":"5 minutes"},"schema":{"@context":"https:\/\/schema.org","@graph":[{"@type":"WebPage","@id":"https:\/\/reteco.es\/en\/","url":"https:\/\/reteco.es\/en\/","name":"Contenedores Mar\u00edtimos, Venta, Alquiler y reparaci\u00f3n, RETECO","isPartOf":{"@id":"https:\/\/reteco.es\/#website"},"datePublished":"2018-10-16T10:34:14+00:00","dateModified":"2019-10-14T19:42:47+00:00","description":"Contenedores Mar\u00edtimos, Venta, Alquiler y reparaci\u00f3n, comercializaci\u00f3n, arreglo, transformaci\u00f3n, almacenaje y mantenimiento de contenedores mar\u00edtimos.","breadcrumb":{"@id":"https:\/\/reteco.es\/en\/#breadcrumb"},"inLanguage":"en-US","potentialAction":[{"@type":"ReadAction","target":["https:\/\/reteco.es\/en\/"]}]},{"@type":"BreadcrumbList","@id":"https:\/\/reteco.es\/en\/#breadcrumb","itemListElement":[{"@type":"ListItem","position":1,"name":"Portada","item":"https:\/\/reteco.es\/en\/"},{"@type":"ListItem","position":2,"name":"Contenedores Mar\u00edtimos &#8211; Reteco"}]},{"@type":"WebSite","@id":"https:\/\/reteco.es\/#website","url":"https:\/\/reteco.es\/","name":"Reteco","description":"Venta de Contenedores Mar\u00edtimos","publisher":{"@id":"https:\/\/reteco.es\/#organization"},"potentialAction":[{"@type":"SearchAction","target":{"@type":"EntryPoint","urlTemplate":"https:\/\/reteco.es\/?s={search_term_string}"},"query-input":{"@type":"PropertyValueSpecification","valueRequired":true,"valueName":"search_term_string"}}],"inLanguage":"en-US"},{"@type":"Organization","@id":"https:\/\/reteco.es\/#organization","name":"REPARACIONES T\u00c9CNICAS DE CONTENEDORES S.L.","url":"https:\/\/reteco.es\/","logo":{"@type":"ImageObject","inLanguage":"en-US","@id":"https:\/\/reteco.es\/#\/schema\/logo\/image\/","url":"https:\/\/reteco.es\/wp-content\/uploads\/2018\/10\/logo2.png","contentUrl":"https:\/\/reteco.es\/wp-content\/uploads\/2018\/10\/logo2.png","width":288,"height":193,"caption":"REPARACIONES T\u00c9CNICAS DE CONTENEDORES S.L."},"image":{"@id":"https:\/\/reteco.es\/#\/schema\/logo\/image\/"},"sameAs":["https:\/\/www.instagram.com\/reteco\/","https:\/\/www.youtube.com\/channel\/UC0ixvX8B2_W1ZoWOy9Ss9VQ"]}]}},"_links":{"self":[{"href":"https:\/\/reteco.es\/en\/wp-json\/wp\/v2\/pages\/740","targetHints":{"allow":["GET"]}}],"collection":[{"href":"https:\/\/reteco.es\/en\/wp-json\/wp\/v2\/pages"}],"about":[{"href":"https:\/\/reteco.es\/en\/wp-json\/wp\/v2\/types\/page"}],"author":[{"embeddable":true,"href":"https:\/\/reteco.es\/en\/wp-json\/wp\/v2\/users\/1"}],"replies":[{"embeddable":true,"href":"https:\/\/reteco.es\/en\/wp-json\/wp\/v2\/comments?post=740"}],"version-history":[{"count":9,"href":"https:\/\/reteco.es\/en\/wp-json\/wp\/v2\/pages\/740\/revisions"}],"predecessor-version":[{"id":1346,"href":"https:\/\/reteco.es\/en\/wp-json\/wp\/v2\/pages\/740\/revisions\/1346"}],"wp:attachment":[{"href":"https:\/\/reteco.es\/en\/wp-json\/wp\/v2\/media?parent=740"}],"curies":[{"name":"wp","href":"https:\/\/api.w.org\/{rel}","templated":true}]}}