{"id":739,"date":"2018-10-16T10:34:14","date_gmt":"2018-10-16T10:34:14","guid":{"rendered":"http:\/\/reteco.es\/politica-privacidad\/"},"modified":"2018-11-26T15:42:16","modified_gmt":"2018-11-26T14:42:16","slug":"privacy-policy","status":"publish","type":"page","link":"https:\/\/reteco.es\/en\/privacy-policy\/","title":{"rendered":"Privacy Policy"},"content":{"rendered":"<p>RETECO, como \u00fanica propietaria del dominio reteco.es as\u00ed como de la informaci\u00f3n contenida en el sitio\u00a0<a title=\"www.reteco.es\" href=\"https:\/\/www.reteco.es\/\">www.reteco.es<\/a>, pretende con esta declaraci\u00f3n mantener informados a sus visitantes sobre las pr\u00e1cticas de protecci\u00f3n de datos personales que aplica en las p\u00e1ginas del sitio. RETECO ha elaborado la presente pol\u00edtica de privacidad, mediante la cual le informamos de los tratamientos que realizamos de los datos personales que se reciben a trav\u00e9s de los distintos formularios que se encuentran en este sitio.<\/p>\n<p>RETECO, se reserva el derecho de modificar su pol\u00edtica de privacidad para adaptarla a cualquier cambio, tanto de car\u00e1cter legislativo, como de car\u00e1cter interno. Cualquier modificaci\u00f3n de esta \u00edndole, ser\u00e1 anunciada en este mismo sitio, d\u00f3nde siempre quedar\u00e1 recogida la pol\u00edtica de privacidad de RETECO vigente en cada momento.<\/p>\n<p>A continuaci\u00f3n, ponemos a su disposici\u00f3n toda la informaci\u00f3n sobre los aspectos m\u00e1s relevantes de la pol\u00edtica de privacidad de RETECO. Si le surge cualquier duda o pregunta al respecto, puede ponerse en contacto con nosotros enviando un correo a\u00a0<a title=\"info@reteco.es\" href=\"mailto:info@reteco.es\">info@reteco.es<\/a>\u00a0para solicitarnos todas las aclaraciones que considere oportunas acerca del tratamiento que daremos a sus datos personales.<\/p>\n<p><strong>Datos personales recogidos en los formularios del sitio\u00a0<\/strong><a title=\"www.reteco.es\" href=\"https:\/\/www.reteco.es\/\"><strong>www.reteco.es<\/strong><\/a><\/p>\n<p>En el sitio\u00a0<a title=\"www.reteco.es\" href=\"https:\/\/www.reteco.es\/\">www.reteco.es<\/a>\u00a0disponemos de una serie de formularios que recogen datos de car\u00e1cter personal. Los datos de car\u00e1cter personal facilitados, con el fin gestionar productos y servicios de RETECO, se conservar\u00e1n mientras se mantenga la relaci\u00f3n comercial o durante los a\u00f1os necesarios para cumplir con las obligaciones legales. Los datos no se ceder\u00e1n a terceros salvo en los casos en que exista una obligaci\u00f3n legal. Usted tiene derecho a obtener confirmaci\u00f3n sobre si en RETECO estamos tratando sus datos personales, por tanto, tiene derecho a acceder a sus datos personales, rectificar los datos inexactos o solicitar su supresi\u00f3n cuando los datos ya no sean necesarios. Si desea consultar informaci\u00f3n adicional y detallada sobre protecci\u00f3n de datos, consulte &#8220;Datos personales recogidos en RETECO&#8221;.<\/p>\n<p>Datos personales recogidos en RETECO<\/p>\n<table id=\"tablagdpr\" border=\"1\">\n<caption>\u00a0<\/caption>\n<thead>\n<tr>\n<th colspan=\"2\" scope=\"col\">Informaci\u00f3n sobre protecci\u00f3n de datos<\/th>\n<\/tr>\n<\/thead>\n<tbody>\n<tr>\n<th scope=\"row\">Responsable<\/th>\n<td>Identidad: RETECO<br \/>\nCIF: B81598773<br \/>\nDir. postal: C\/ Estrategia &#8211; 28002 Madrid<br \/>\nTel\u00e9fono: 91 797 26 96<br \/>\nCorreo elect.:\u00a0<a title=\"info@reteco.es\" href=\"mailto:info@reteco.es\">info@reteco.es<\/a><\/td>\n<\/tr>\n<tr>\n<th scope=\"row\">Finalidad<\/th>\n<td>Gestionar productos y servicios de RETECO (ofertas, disponibilidad, etc.) de acuerdo con su inter\u00e9s.<br \/>\nGestionar datos del personal y CV de candidatos.<\/td>\n<\/tr>\n<tr>\n<th scope=\"row\">Plazos de conservaci\u00f3n<\/th>\n<td>Los datos personales proporcionados se conservar\u00e1n:<br \/>\n&#8211; mientras se mantenga la relaci\u00f3n laboral o mercantil;<br \/>\n&#8211; mientras no se solicite la supresi\u00f3n por el interesado;<br \/>\n&#8211; considerando los plazos de prescripci\u00f3n de acciones:<br \/>\na) 5 a\u00f1os, con car\u00e1cter general para prescripci\u00f3n de acciones civiles.<br \/>\nb) 6 a\u00f1os, para documentos societarios y justificantes de negocio.<br \/>\nc) 4 a\u00f1os, a efectos fiscales.<br \/>\nd) 4 a\u00f1os, para documentaci\u00f3n de car\u00e1cter laboral o relacionado con la TGSS.<br \/>\ne) 5 a\u00f1os, para la documentaci\u00f3n relacionada con prevenci\u00f3n de riesgos laborales.<br \/>\nf) 10 a\u00f1os, en el caso de prevenci\u00f3n de blanqueo de capitales.<\/td>\n<\/tr>\n<tr>\n<th scope=\"row\">Legitimaci\u00f3n<\/th>\n<td>Las bases legales para el tratamiento de sus datos son:<br \/>\n1. Consentimiento del interesado, al gestionar los productos y servicios de acuerdo con su inter\u00e9s.<br \/>\n2. Ejecuci\u00f3n de un contrato.<br \/>\n3. Cumplimiento de la obligaci\u00f3n legal.<br \/>\nLos datos proporcionados se conservar\u00e1n mientras se mantenga la relaci\u00f3n comercial o durante los a\u00f1os necesarios para cumplir con las obligaciones legales.<br \/>\nLa comunicaci\u00f3n de datos personales es un requisito necesario para poder llevar a cabo el servicio solicitado en algunas ocasiones, en caso de no hacerlo no podr\u00e1 realizarse dicha contrataci\u00f3n.<\/td>\n<\/tr>\n<tr>\n<th scope=\"row\">Destinatarios<\/th>\n<td>Los datos se comunicar\u00e1n a:<br \/>\n&#8211; Encargado del tratamiento: Para almacenamiento y salvaguarda de copias de seguridad.<br \/>\n&#8211; Organismos p\u00fablicos (Hacienda tributaria, TGSS): Para el cumplimiento de la obligaci\u00f3n legal.<\/td>\n<\/tr>\n<tr>\n<th scope=\"row\">Derechos<\/th>\n<td>El interesado podr\u00e1 ejercer gratuitamente sus derechos dirigi\u00e9ndose a\u00a0<a title=\"info@reteco.es\" href=\"mailto:info@reteco.es\">info@reteco.es<\/a>\u00a0o bien mediante carta certificada y acompa\u00f1ado de una copia del D.N.I. o documento acreditativo de su identidad.<br \/>\nEl interesado tiene derecho a obtener confirmaci\u00f3n sobre si en RETECO se est\u00e1n tratando datos personales que le conciernen, o no.<br \/>\nEl interesado tiene derecho a:<br \/>\n&#8211; Acceder a sus datos personales.<br \/>\n&#8211; Solicitar la rectificaci\u00f3n de los datos inexactos o, en su caso, solicitar la supresi\u00f3n cuando, entre otros motivos, los datos ya no sean necesarios para los fines que fueron recogidos.<br \/>\n&#8211; Solicitar la limitaci\u00f3n del tratamiento de sus datos, en cuyo caso \u00fanicamente los conservaremos para el ejercicio o la defensa de reclamaciones.<br \/>\n&#8211; Oponerse al tratamiento de sus datos en determinadas circunstancias y por motivos relacionados con su situaci\u00f3n particular.<br \/>\n&#8211; RETECO dejar\u00e1 de tratar los datos, salvo por motivos imperiosos, o el ejercicio o la defensa de posibles reclamaciones.<br \/>\n&#8211; La portabilidad de sus datos.<\/td>\n<\/tr>\n<tr>\n<th scope=\"row\">Procedencia<\/th>\n<td>Los datos que tratamos en RETECO proceden del propio interesado o de su compa\u00f1\u00eda que los facilitan para la realizaci\u00f3n del servicio solicitado o la adquisici\u00f3n del producto requerido o de fuentes accesibles al p\u00fablico. Las categor\u00edas de datos que se tratan son:<br \/>\n&#8211; Datos de identificaci\u00f3n.<br \/>\n&#8211; Direcciones postales o electr\u00f3nicas.<br \/>\n&#8211; Informaci\u00f3n comercial.<br \/>\n&#8211; Datos econ\u00f3micos.<br \/>\nNo se tratan datos especialmente protegidos.<\/td>\n<\/tr>\n<tr>\n<th scope=\"row\">Informaci\u00f3n adicional<\/th>\n<td>Tiene la posibilidad de presentar una reclamaci\u00f3n ante la Agencia Espa\u00f1ola de Protecci\u00f3n de Datos (AEPD).<br \/>\nEn su direcci\u00f3n:<br \/>\nC\/ Jorge Juan, 6<br \/>\n28001-MadridA trav\u00e9s de su sede electr\u00f3nica:<br \/>\n<a title=\"Ir a https:\/\/sedeagpd.gob.es\/sede-electronica-web\/. Se abre en otra ventana.\" href=\"https:\/\/sedeagpd.gob.es\/sede-electronica-web\/\" target=\"_blank\" rel=\"noopener\">https:\/\/sedeagpd.gob.es\/sede-electronica-web\/<\/a><\/td>\n<\/tr>\n<\/tbody>\n<\/table>\n<p><strong>Car\u00e1cter an\u00f3nimo de la navegaci\u00f3n. Uso de cookies y ficheros logs.<\/strong><\/p>\n<p>En el sitio\u00a0<a title=\"www.reteco.es\" href=\"https:\/\/www.reteco.es\/\">www.reteco.es<\/a>, se usan cookies que no recogen ning\u00fan tipo de dato de car\u00e1cter personal y que se usan exclusivamente para gestionar la sesi\u00f3n y se destruyen al cierre de la misma.<\/p>\n<p>Nuestros ficheros logs incluyen datos como direcciones IP, tipo de navegador, p\u00e1ginas que se visitan, fechas, as\u00ed como otros datos t\u00edpicos que se utilizan \u00fanicamente para realizar estad\u00edsticas de car\u00e1cter general: por ejemplo, el n\u00famero de visitas por secci\u00f3n, navegadores m\u00e1s utilizados etc., que nos permiten adaptar nuestros contenidos a las preferencias de los usuarios.<\/p>\n<p>Para obtener m\u00e1s informaci\u00f3n sobre este punto consulte nuestra\u00a0pol\u00edtica de cookies.<\/p>\n<p><strong>\u00bfC\u00f3mo actualizar sus datos personales o darse de baja?<\/strong><\/p>\n<p>Puede actualizar sus datos personales desde nuestra p\u00e1gina web accediendo a su perfil una vez conectado con su usuario.<\/p>\n<p>Para ejercer sus derechos de\u00a0acceso, oposici\u00f3n y cancelaci\u00f3n de datos, contacte con Asociaci\u00f3n RETECO, por escrito, por cualquiera de las vias facilitadas en esta p\u00e1gina, indicando siempre como asunto &#8220;pol\u00edtica de privacidad&#8221; y explicando con claridad lo que desea.<\/p>\n<p><strong>Enlaces a otros sitios<\/strong><\/p>\n<p>En el sitio\u00a0<a title=\"www.reteco.es\" href=\"https:\/\/www.reteco.es\/\">www.reteco.es<\/a>, se pueden encontrar enlaces a otros sitios: debemos advertir que RETECO no es responsable de su\u00a0correspondiente pol\u00edtica\u00a0de privacidad ni de sus contenidos, por lo que le recomendamos que revise las pol\u00edticas de privacidad de todos los sitios a los que acceda desde nuestra web.<\/p>\n","protected":false},"excerpt":{"rendered":"<p>RETECO, como \u00fanica propietaria del dominio reteco.es as\u00ed como de  [&#8230;]<\/p>\n","protected":false},"author":1,"featured_media":0,"parent":0,"menu_order":0,"comment_status":"closed","ping_status":"open","template":"","meta":{"footnotes":""},"class_list":["post-739","page","type-page","status-publish","hentry"],"yoast_head":"<!-- This site is optimized with the Yoast SEO plugin v26.9 - https:\/\/yoast.com\/product\/yoast-seo-wordpress\/ -->\n<title>Privacy Policy - Reteco<\/title>\n<meta name=\"robots\" content=\"index, follow, max-snippet:-1, max-image-preview:large, max-video-preview:-1\" \/>\n<link rel=\"canonical\" href=\"https:\/\/reteco.es\/en\/privacy-policy\/\" \/>\n<meta property=\"og:locale\" content=\"en_US\" \/>\n<meta property=\"og:type\" content=\"article\" \/>\n<meta property=\"og:title\" content=\"Privacy Policy - Reteco\" \/>\n<meta property=\"og:description\" content=\"RETECO, como \u00fanica propietaria del dominio reteco.es as\u00ed como de [...]\" \/>\n<meta property=\"og:url\" content=\"https:\/\/reteco.es\/en\/privacy-policy\/\" \/>\n<meta property=\"og:site_name\" content=\"Reteco\" \/>\n<meta property=\"article:modified_time\" content=\"2018-11-26T14:42:16+00:00\" \/>\n<meta name=\"twitter:card\" content=\"summary_large_image\" \/>\n<meta name=\"twitter:label1\" content=\"Est. reading time\" \/>\n\t<meta name=\"twitter:data1\" content=\"6 minutes\" \/>\n<script type=\"application\/ld+json\" class=\"yoast-schema-graph\">{\"@context\":\"https:\/\/schema.org\",\"@graph\":[{\"@type\":\"WebPage\",\"@id\":\"https:\/\/reteco.es\/en\/privacy-policy\/\",\"url\":\"https:\/\/reteco.es\/en\/privacy-policy\/\",\"name\":\"Privacy Policy - Reteco\",\"isPartOf\":{\"@id\":\"https:\/\/reteco.es\/#website\"},\"datePublished\":\"2018-10-16T10:34:14+00:00\",\"dateModified\":\"2018-11-26T14:42:16+00:00\",\"breadcrumb\":{\"@id\":\"https:\/\/reteco.es\/en\/privacy-policy\/#breadcrumb\"},\"inLanguage\":\"en-US\",\"potentialAction\":[{\"@type\":\"ReadAction\",\"target\":[\"https:\/\/reteco.es\/en\/privacy-policy\/\"]}]},{\"@type\":\"BreadcrumbList\",\"@id\":\"https:\/\/reteco.es\/en\/privacy-policy\/#breadcrumb\",\"itemListElement\":[{\"@type\":\"ListItem\",\"position\":1,\"name\":\"Portada\",\"item\":\"https:\/\/reteco.es\/en\/\"},{\"@type\":\"ListItem\",\"position\":2,\"name\":\"Privacy Policy\"}]},{\"@type\":\"WebSite\",\"@id\":\"https:\/\/reteco.es\/#website\",\"url\":\"https:\/\/reteco.es\/\",\"name\":\"Reteco\",\"description\":\"Venta de Contenedores Mar\u00edtimos\",\"publisher\":{\"@id\":\"https:\/\/reteco.es\/#organization\"},\"potentialAction\":[{\"@type\":\"SearchAction\",\"target\":{\"@type\":\"EntryPoint\",\"urlTemplate\":\"https:\/\/reteco.es\/?s={search_term_string}\"},\"query-input\":{\"@type\":\"PropertyValueSpecification\",\"valueRequired\":true,\"valueName\":\"search_term_string\"}}],\"inLanguage\":\"en-US\"},{\"@type\":\"Organization\",\"@id\":\"https:\/\/reteco.es\/#organization\",\"name\":\"REPARACIONES T\u00c9CNICAS DE CONTENEDORES S.L.\",\"url\":\"https:\/\/reteco.es\/\",\"logo\":{\"@type\":\"ImageObject\",\"inLanguage\":\"en-US\",\"@id\":\"https:\/\/reteco.es\/#\/schema\/logo\/image\/\",\"url\":\"https:\/\/reteco.es\/wp-content\/uploads\/2018\/10\/logo2.png\",\"contentUrl\":\"https:\/\/reteco.es\/wp-content\/uploads\/2018\/10\/logo2.png\",\"width\":288,\"height\":193,\"caption\":\"REPARACIONES T\u00c9CNICAS DE CONTENEDORES S.L.\"},\"image\":{\"@id\":\"https:\/\/reteco.es\/#\/schema\/logo\/image\/\"},\"sameAs\":[\"https:\/\/www.instagram.com\/reteco\/\",\"https:\/\/www.youtube.com\/channel\/UC0ixvX8B2_W1ZoWOy9Ss9VQ\"]}]}<\/script>\n<!-- \/ Yoast SEO plugin. -->","yoast_head_json":{"title":"Privacy Policy - Reteco","robots":{"index":"index","follow":"follow","max-snippet":"max-snippet:-1","max-image-preview":"max-image-preview:large","max-video-preview":"max-video-preview:-1"},"canonical":"https:\/\/reteco.es\/en\/privacy-policy\/","og_locale":"en_US","og_type":"article","og_title":"Privacy Policy - Reteco","og_description":"RETECO, como \u00fanica propietaria del dominio reteco.es as\u00ed como de [...]","og_url":"https:\/\/reteco.es\/en\/privacy-policy\/","og_site_name":"Reteco","article_modified_time":"2018-11-26T14:42:16+00:00","twitter_card":"summary_large_image","twitter_misc":{"Est. reading time":"6 minutes"},"schema":{"@context":"https:\/\/schema.org","@graph":[{"@type":"WebPage","@id":"https:\/\/reteco.es\/en\/privacy-policy\/","url":"https:\/\/reteco.es\/en\/privacy-policy\/","name":"Privacy Policy - Reteco","isPartOf":{"@id":"https:\/\/reteco.es\/#website"},"datePublished":"2018-10-16T10:34:14+00:00","dateModified":"2018-11-26T14:42:16+00:00","breadcrumb":{"@id":"https:\/\/reteco.es\/en\/privacy-policy\/#breadcrumb"},"inLanguage":"en-US","potentialAction":[{"@type":"ReadAction","target":["https:\/\/reteco.es\/en\/privacy-policy\/"]}]},{"@type":"BreadcrumbList","@id":"https:\/\/reteco.es\/en\/privacy-policy\/#breadcrumb","itemListElement":[{"@type":"ListItem","position":1,"name":"Portada","item":"https:\/\/reteco.es\/en\/"},{"@type":"ListItem","position":2,"name":"Privacy Policy"}]},{"@type":"WebSite","@id":"https:\/\/reteco.es\/#website","url":"https:\/\/reteco.es\/","name":"Reteco","description":"Venta de Contenedores Mar\u00edtimos","publisher":{"@id":"https:\/\/reteco.es\/#organization"},"potentialAction":[{"@type":"SearchAction","target":{"@type":"EntryPoint","urlTemplate":"https:\/\/reteco.es\/?s={search_term_string}"},"query-input":{"@type":"PropertyValueSpecification","valueRequired":true,"valueName":"search_term_string"}}],"inLanguage":"en-US"},{"@type":"Organization","@id":"https:\/\/reteco.es\/#organization","name":"REPARACIONES T\u00c9CNICAS DE CONTENEDORES S.L.","url":"https:\/\/reteco.es\/","logo":{"@type":"ImageObject","inLanguage":"en-US","@id":"https:\/\/reteco.es\/#\/schema\/logo\/image\/","url":"https:\/\/reteco.es\/wp-content\/uploads\/2018\/10\/logo2.png","contentUrl":"https:\/\/reteco.es\/wp-content\/uploads\/2018\/10\/logo2.png","width":288,"height":193,"caption":"REPARACIONES T\u00c9CNICAS DE CONTENEDORES S.L."},"image":{"@id":"https:\/\/reteco.es\/#\/schema\/logo\/image\/"},"sameAs":["https:\/\/www.instagram.com\/reteco\/","https:\/\/www.youtube.com\/channel\/UC0ixvX8B2_W1ZoWOy9Ss9VQ"]}]}},"_links":{"self":[{"href":"https:\/\/reteco.es\/en\/wp-json\/wp\/v2\/pages\/739","targetHints":{"allow":["GET"]}}],"collection":[{"href":"https:\/\/reteco.es\/en\/wp-json\/wp\/v2\/pages"}],"about":[{"href":"https:\/\/reteco.es\/en\/wp-json\/wp\/v2\/types\/page"}],"author":[{"embeddable":true,"href":"https:\/\/reteco.es\/en\/wp-json\/wp\/v2\/users\/1"}],"replies":[{"embeddable":true,"href":"https:\/\/reteco.es\/en\/wp-json\/wp\/v2\/comments?post=739"}],"version-history":[{"count":1,"href":"https:\/\/reteco.es\/en\/wp-json\/wp\/v2\/pages\/739\/revisions"}],"predecessor-version":[{"id":777,"href":"https:\/\/reteco.es\/en\/wp-json\/wp\/v2\/pages\/739\/revisions\/777"}],"wp:attachment":[{"href":"https:\/\/reteco.es\/en\/wp-json\/wp\/v2\/media?parent=739"}],"curies":[{"name":"wp","href":"https:\/\/api.w.org\/{rel}","templated":true}]}}